{"id":1732,"date":"2014-03-01T20:18:47","date_gmt":"2014-03-01T19:18:47","guid":{"rendered":"http:\/\/cienciagandia.webs.upv.es\/?page_id=1732"},"modified":"2025-10-03T14:23:43","modified_gmt":"2025-10-03T12:23:43","slug":"contact","status":"publish","type":"page","link":"https:\/\/cienciagandia.webs.upv.es\/en\/contact\/","title":{"rendered":"Contact"},"content":{"rendered":"\n<div class=\"gb-element-32f8e4b9 aparicion-pagina\">\n<div>\n<h3 class=\"gb-text gb-text-18939907\">Pilar S\u00e1nchez Rivero<br>R+D+i of the Gandia Campus<\/h3>\n\n\n\n<p class=\"gb-text-4b3f0b35\"><span class=\"gb-shape\"><svg xmlns=\"http:\/\/www.w3.org\/2000\/svg\" width=\"682pt\" viewBox=\"-119 -21 682 682.667\" height=\"682pt\"><path fill=\"CurrentColor\" d=\"m216.210938 0c-122.664063 0-222.460938 99.796875-222.460938 222.460938 0 154.175781 222.679688 417.539062 222.679688 417.539062s222.242187-270.945312 222.242187-417.539062c0-122.664063-99.792969-222.460938-222.460937-222.460938zm67.121093 287.597656c-18.507812 18.503906-42.8125 27.757813-67.121093 27.757813-24.304688 0-48.617188-9.253907-67.117188-27.757813-37.011719-37.007812-37.011719-97.226562 0-134.238281 17.921875-17.929687 41.761719-27.804687 67.117188-27.804687 25.355468 0 49.191406 9.878906 67.121093 27.804687 37.011719 37.011719 37.011719 97.230469 0 134.238281zm0 0\"><\/path><\/svg><\/span><span class=\"gb-text\"><a href=\"https:\/\/www.google.com\/maps\/place\/UPV+Campus+de+Gandia+-+Escola+Polit%C3%A8cnica+Superior+de+Gandia\/@38.9956542,-0.1675088,18z\/data=!4m6!3m5!1s0xd61c2a3069621fd:0xdb8ad87b84df4b24!8m2!3d38.9959719!4d-0.1657337!16s%2Fg%2F11yhjxyjy?entry=ttu&amp;g_ep=EgoyMDI1MDkzMC4wIKXMDSoASAFQAw%3D%3D\" target=\"_blank\" rel=\"noreferrer noopener\">1 Paranimf St.<br>46730 Grau de Gandia (Valencia)<br>Spain<\/a><\/span><\/p>\n\n\n\n<p class=\"gb-text-8a62af76\"><span class=\"gb-shape\"><svg viewBox=\"0 0 513.64 513.64\" xmlns=\"http:\/\/www.w3.org\/2000\/svg\"><path fill=\"CurrentColor\" d=\"M499.66,376.96l-71.68-71.68c-25.6-25.6-69.12-15.359-79.36,17.92c-7.68,23.041-33.28,35.841-56.32,30.72 c-51.2-12.8-120.32-79.36-133.12-133.12c-7.68-23.041,7.68-48.641,30.72-56.32c33.28-10.24,43.52-53.76,17.92-79.36l-71.68-71.68 c-20.48-17.92-51.2-17.92-69.12,0l-48.64,48.64c-48.64,51.2,5.12,186.88,125.44,307.2c120.32,120.32,256,176.641,307.2,125.44 l48.64-48.64C517.581,425.6,517.581,394.88,499.66,376.96z\"><\/path><\/svg><\/span><span class=\"gb-text\"><a href=\"tel:34962849409\" target=\"_blank\" rel=\"noreferrer noopener\">+34 962.849.409<\/a> ext.: 49409<\/span><\/p>\n\n\n\n<p class=\"gb-text-7d9dddf6\"><span class=\"gb-shape\"><svg aria-hidden=\"true\" role=\"img\" height=\"1em\" width=\"1em\" viewBox=\"0 0 512 512\" xmlns=\"http:\/\/www.w3.org\/2000\/svg\"><path fill=\"currentColor\" d=\"M464 64H48C21.49 64 0 85.49 0 112v288c0 26.51 21.49 48 48 48h416c26.51 0 48-21.49 48-48V112c0-26.51-21.49-48-48-48zm0 48v40.805c-22.422 18.259-58.168 46.651-134.587 106.49-16.841 13.247-50.201 45.072-73.413 44.701-23.208.375-56.579-31.459-73.413-44.701C106.18 199.465 70.425 171.067 48 152.805V112h416zM48 400V214.398c22.914 18.251 55.409 43.862 104.938 82.646 21.857 17.205 60.134 55.186 103.062 54.955 42.717.231 80.509-37.199 103.053-54.947 49.528-38.783 82.032-64.401 104.947-82.653V400H48z\"><\/path><\/svg><\/span><span class=\"gb-text\"><a href=\"mailto:iditransferencia@epsg.upv.es\" target=\"_blank\" rel=\"noreferrer noopener\">iditransferencia@epsg.upv.es<\/a><\/span><\/p>\n\n\n\n<p class=\"gb-text-4a9c87ce\"><span class=\"gb-shape\"><svg aria-hidden=\"true\" role=\"img\" height=\"1em\" width=\"1em\" viewBox=\"0 0 512 512\" xmlns=\"http:\/\/www.w3.org\/2000\/svg\"><path fill=\"currentColor\" d=\"M389.2 48h70.6L305.6 224.2 487 464H345L233.7 318.6 106.5 464H35.8L200.7 275.5 26.8 48H172.4L272.9 180.9 389.2 48zM364.4 421.8h39.1L151.1 88h-42L364.4 421.8z\"><\/path><\/svg><\/span><span class=\"gb-text\"><a href=\"mailto:iditransferencia@epsg.upv.es\"><\/a><a href=\"https:\/\/x.com\/pilarsanchezupv\" target=\"_blank\" rel=\"noreferrer noopener\">@pilarsanchezupv<\/a><\/span><\/p>\n<\/div>\n\n\n\n<div class=\"aparicion-pagina\">\n<iframe \n  src=\"https:\/\/www.google.com\/maps\/embed?pb=!1m18!1m12!1m3!1d6201.695057981945!2d-0.16830862347938033!3d38.99597604088049!2m3!1f0!2f0!3f0!3m2!1i1024!2i768!4f13.1!3m3!1m2!1s0xd61c2a3069621fd%3A0xdb8ad87b84df4b24!2sUPV%20Campus%20de%20Gandia%20-%20Escola%20Polit%C3%A8cnica%20Superior%20de%20Gandia!5e0!3m2!1ses!2ses!4v1758716061394!5m2!1ses!2ses\" \n  width=\"600\" \n  height=\"450\" \n  style=\"border:0; filter: grayscale(100%);\" \n  allowfullscreen=\"\" \n  loading=\"lazy\" \n  referrerpolicy=\"no-referrer-when-downgrade\">\n<\/iframe>\n<\/div>\n<\/div>\n\n\n\n<p><\/p>\n","protected":false},"excerpt":{"rendered":"<p>Pilar S\u00e1nchez RiveroR+D+i of the Gandia Campus 1 Paranimf St.46730 Grau de Gandia (Valencia)Spain +34 962.849.409 ext.: 49409 iditransferencia@epsg.upv.es @pilarsanchezupv<\/p>\n","protected":false},"author":15,"featured_media":23614,"parent":0,"menu_order":0,"comment_status":"closed","ping_status":"closed","template":"","meta":{"footnotes":""},"class_list":{"0":"post-1732","1":"page","2":"type-page","3":"status-publish","4":"has-post-thumbnail","6":"resize-featured-image"},"yoast_head":"<!-- This site is optimized with the Yoast SEO plugin v27.3 - https:\/\/yoast.com\/product\/yoast-seo-wordpress\/ -->\n<title>Contact \u2013 Campus de Gandia Ciencia - UPV Universitat Polit\u00e8cnica de Val\u00e8ncia<\/title>\n<meta name=\"description\" content=\"Contact - Campus de Gandia Ciencia - UPV Universitat Polit\u00e8cnica de Val\u00e8ncia\" \/>\n<meta name=\"robots\" content=\"index, follow, max-snippet:-1, max-image-preview:large, max-video-preview:-1\" \/>\n<link rel=\"canonical\" href=\"https:\/\/cienciagandia.webs.upv.es\/en\/contact\/\" \/>\n<meta property=\"og:locale\" content=\"en_US\" \/>\n<meta property=\"og:type\" content=\"article\" \/>\n<meta property=\"og:title\" content=\"Contact \u2013 Campus de Gandia Ciencia - UPV Universitat Polit\u00e8cnica de Val\u00e8ncia\" \/>\n<meta property=\"og:description\" content=\"Contact - Campus de Gandia Ciencia - UPV Universitat Polit\u00e8cnica de Val\u00e8ncia\" \/>\n<meta property=\"og:url\" content=\"https:\/\/cienciagandia.webs.upv.es\/en\/contact\/\" \/>\n<meta property=\"og:site_name\" content=\"Campus de Gandia Ciencia - UPV Universitat Polit\u00e8cnica de Val\u00e8ncia\" \/>\n<meta property=\"article:publisher\" content=\"https:\/\/www.facebook.com\/UPVCampusGandia\" \/>\n<meta property=\"article:modified_time\" content=\"2025-10-03T12:23:43+00:00\" \/>\n<meta property=\"og:image\" content=\"https:\/\/cienciagandia.webs.upv.es\/wp-content\/uploads\/2025\/09\/upvcampusgandia_cover.webp\" \/>\n\t<meta property=\"og:image:width\" content=\"1536\" \/>\n\t<meta property=\"og:image:height\" content=\"768\" \/>\n\t<meta property=\"og:image:type\" content=\"image\/jpeg\" \/>\n<meta name=\"twitter:card\" content=\"summary_large_image\" \/>\n<meta name=\"twitter:site\" content=\"@UPVCampusGandia\" \/>\n<meta name=\"twitter:label1\" content=\"Est. reading time\" \/>\n\t<meta name=\"twitter:data1\" content=\"1 minute\" \/>\n<script type=\"application\/ld+json\" class=\"yoast-schema-graph\">{\"@context\":\"https:\\\/\\\/schema.org\",\"@graph\":[{\"@type\":\"WebPage\",\"@id\":\"https:\\\/\\\/cienciagandia.webs.upv.es\\\/en\\\/contact\\\/\",\"url\":\"https:\\\/\\\/cienciagandia.webs.upv.es\\\/en\\\/contact\\\/\",\"name\":\"Contact \u2013 Campus de Gandia Ciencia - UPV Universitat Polit\u00e8cnica de Val\u00e8ncia\",\"isPartOf\":{\"@id\":\"https:\\\/\\\/cienciagandia.webs.upv.es\\\/#website\"},\"primaryImageOfPage\":{\"@id\":\"https:\\\/\\\/cienciagandia.webs.upv.es\\\/en\\\/contact\\\/#primaryimage\"},\"image\":{\"@id\":\"https:\\\/\\\/cienciagandia.webs.upv.es\\\/en\\\/contact\\\/#primaryimage\"},\"thumbnailUrl\":\"https:\\\/\\\/cienciagandia.webs.upv.es\\\/wp-content\\\/uploads\\\/2025\\\/09\\\/upvcampusgandia_cover.webp\",\"datePublished\":\"2014-03-01T19:18:47+00:00\",\"dateModified\":\"2025-10-03T12:23:43+00:00\",\"description\":\"Contact - Campus de Gandia Ciencia - UPV Universitat Polit\u00e8cnica de Val\u00e8ncia\",\"breadcrumb\":{\"@id\":\"https:\\\/\\\/cienciagandia.webs.upv.es\\\/en\\\/contact\\\/#breadcrumb\"},\"inLanguage\":\"en-US\",\"potentialAction\":[{\"@type\":\"ReadAction\",\"target\":[\"https:\\\/\\\/cienciagandia.webs.upv.es\\\/en\\\/contact\\\/\"]}]},{\"@type\":\"ImageObject\",\"inLanguage\":\"en-US\",\"@id\":\"https:\\\/\\\/cienciagandia.webs.upv.es\\\/en\\\/contact\\\/#primaryimage\",\"url\":\"https:\\\/\\\/cienciagandia.webs.upv.es\\\/wp-content\\\/uploads\\\/2025\\\/09\\\/upvcampusgandia_cover.webp\",\"contentUrl\":\"https:\\\/\\\/cienciagandia.webs.upv.es\\\/wp-content\\\/uploads\\\/2025\\\/09\\\/upvcampusgandia_cover.webp\",\"width\":1536,\"height\":768,\"caption\":\"UPV Campus Gandia\"},{\"@type\":\"BreadcrumbList\",\"@id\":\"https:\\\/\\\/cienciagandia.webs.upv.es\\\/en\\\/contact\\\/#breadcrumb\",\"itemListElement\":[{\"@type\":\"ListItem\",\"position\":1,\"name\":\"Portada\",\"item\":\"https:\\\/\\\/cienciagandia.webs.upv.es\\\/en\\\/\"},{\"@type\":\"ListItem\",\"position\":2,\"name\":\"Contact\"}]},{\"@type\":\"WebSite\",\"@id\":\"https:\\\/\\\/cienciagandia.webs.upv.es\\\/#website\",\"url\":\"https:\\\/\\\/cienciagandia.webs.upv.es\\\/\",\"name\":\"Blog de Ciencia del Campus de Gandia de la Universitat Polit\u00e8cnica de Val\u00e8ncia UPV\",\"description\":\"Campus de Gandia Ciencia UPV\",\"publisher\":{\"@id\":\"https:\\\/\\\/cienciagandia.webs.upv.es\\\/#organization\"},\"potentialAction\":[{\"@type\":\"SearchAction\",\"target\":{\"@type\":\"EntryPoint\",\"urlTemplate\":\"https:\\\/\\\/cienciagandia.webs.upv.es\\\/?s={search_term_string}\"},\"query-input\":{\"@type\":\"PropertyValueSpecification\",\"valueRequired\":true,\"valueName\":\"search_term_string\"}}],\"inLanguage\":\"en-US\"},{\"@type\":\"Organization\",\"@id\":\"https:\\\/\\\/cienciagandia.webs.upv.es\\\/#organization\",\"name\":\"Campus de Gandia de la Universitat Polit\u00e8cnica de Val\u00e8ncia UPV\",\"alternateName\":\"Campus de Gandia UPV\",\"url\":\"https:\\\/\\\/cienciagandia.webs.upv.es\\\/\",\"logo\":{\"@type\":\"ImageObject\",\"inLanguage\":\"en-US\",\"@id\":\"https:\\\/\\\/cienciagandia.webs.upv.es\\\/#\\\/schema\\\/logo\\\/image\\\/\",\"url\":\"https:\\\/\\\/cienciagandia.webs.upv.es\\\/wp-content\\\/uploads\\\/2023\\\/10\\\/UPV-Gandia.jpg\",\"contentUrl\":\"https:\\\/\\\/cienciagandia.webs.upv.es\\\/wp-content\\\/uploads\\\/2023\\\/10\\\/UPV-Gandia.jpg\",\"width\":770,\"height\":366,\"caption\":\"Campus de Gandia de la Universitat Polit\u00e8cnica de Val\u00e8ncia UPV\"},\"image\":{\"@id\":\"https:\\\/\\\/cienciagandia.webs.upv.es\\\/#\\\/schema\\\/logo\\\/image\\\/\"},\"sameAs\":[\"https:\\\/\\\/www.facebook.com\\\/UPVCampusGandia\",\"https:\\\/\\\/x.com\\\/UPVCampusGandia\",\"https:\\\/\\\/www.instagram.com\\\/upvcampusgandia\\\/\",\"https:\\\/\\\/www.linkedin.com\\\/company\\\/upvcampusgandia\\\/\"]}]}<\/script>\n<!-- \/ Yoast SEO plugin. -->","yoast_head_json":{"title":"Contact \u2013 Campus de Gandia Ciencia - UPV Universitat Polit\u00e8cnica de Val\u00e8ncia","description":"Contact - Campus de Gandia Ciencia - UPV Universitat Polit\u00e8cnica de Val\u00e8ncia","robots":{"index":"index","follow":"follow","max-snippet":"max-snippet:-1","max-image-preview":"max-image-preview:large","max-video-preview":"max-video-preview:-1"},"canonical":"https:\/\/cienciagandia.webs.upv.es\/en\/contact\/","og_locale":"en_US","og_type":"article","og_title":"Contact \u2013 Campus de Gandia Ciencia - UPV Universitat Polit\u00e8cnica de Val\u00e8ncia","og_description":"Contact - Campus de Gandia Ciencia - UPV Universitat Polit\u00e8cnica de Val\u00e8ncia","og_url":"https:\/\/cienciagandia.webs.upv.es\/en\/contact\/","og_site_name":"Campus de Gandia Ciencia - UPV Universitat Polit\u00e8cnica de Val\u00e8ncia","article_publisher":"https:\/\/www.facebook.com\/UPVCampusGandia","article_modified_time":"2025-10-03T12:23:43+00:00","og_image":[{"width":1536,"height":768,"url":"https:\/\/cienciagandia.webs.upv.es\/wp-content\/uploads\/2025\/09\/upvcampusgandia_cover.webp","type":"image\/jpeg"}],"twitter_card":"summary_large_image","twitter_site":"@UPVCampusGandia","twitter_misc":{"Est. reading time":"1 minute"},"schema":{"@context":"https:\/\/schema.org","@graph":[{"@type":"WebPage","@id":"https:\/\/cienciagandia.webs.upv.es\/en\/contact\/","url":"https:\/\/cienciagandia.webs.upv.es\/en\/contact\/","name":"Contact \u2013 Campus de Gandia Ciencia - UPV Universitat Polit\u00e8cnica de Val\u00e8ncia","isPartOf":{"@id":"https:\/\/cienciagandia.webs.upv.es\/#website"},"primaryImageOfPage":{"@id":"https:\/\/cienciagandia.webs.upv.es\/en\/contact\/#primaryimage"},"image":{"@id":"https:\/\/cienciagandia.webs.upv.es\/en\/contact\/#primaryimage"},"thumbnailUrl":"https:\/\/cienciagandia.webs.upv.es\/wp-content\/uploads\/2025\/09\/upvcampusgandia_cover.webp","datePublished":"2014-03-01T19:18:47+00:00","dateModified":"2025-10-03T12:23:43+00:00","description":"Contact - Campus de Gandia Ciencia - UPV Universitat Polit\u00e8cnica de Val\u00e8ncia","breadcrumb":{"@id":"https:\/\/cienciagandia.webs.upv.es\/en\/contact\/#breadcrumb"},"inLanguage":"en-US","potentialAction":[{"@type":"ReadAction","target":["https:\/\/cienciagandia.webs.upv.es\/en\/contact\/"]}]},{"@type":"ImageObject","inLanguage":"en-US","@id":"https:\/\/cienciagandia.webs.upv.es\/en\/contact\/#primaryimage","url":"https:\/\/cienciagandia.webs.upv.es\/wp-content\/uploads\/2025\/09\/upvcampusgandia_cover.webp","contentUrl":"https:\/\/cienciagandia.webs.upv.es\/wp-content\/uploads\/2025\/09\/upvcampusgandia_cover.webp","width":1536,"height":768,"caption":"UPV Campus Gandia"},{"@type":"BreadcrumbList","@id":"https:\/\/cienciagandia.webs.upv.es\/en\/contact\/#breadcrumb","itemListElement":[{"@type":"ListItem","position":1,"name":"Portada","item":"https:\/\/cienciagandia.webs.upv.es\/en\/"},{"@type":"ListItem","position":2,"name":"Contact"}]},{"@type":"WebSite","@id":"https:\/\/cienciagandia.webs.upv.es\/#website","url":"https:\/\/cienciagandia.webs.upv.es\/","name":"Blog de Ciencia del Campus de Gandia de la Universitat Polit\u00e8cnica de Val\u00e8ncia UPV","description":"Campus de Gandia Ciencia UPV","publisher":{"@id":"https:\/\/cienciagandia.webs.upv.es\/#organization"},"potentialAction":[{"@type":"SearchAction","target":{"@type":"EntryPoint","urlTemplate":"https:\/\/cienciagandia.webs.upv.es\/?s={search_term_string}"},"query-input":{"@type":"PropertyValueSpecification","valueRequired":true,"valueName":"search_term_string"}}],"inLanguage":"en-US"},{"@type":"Organization","@id":"https:\/\/cienciagandia.webs.upv.es\/#organization","name":"Campus de Gandia de la Universitat Polit\u00e8cnica de Val\u00e8ncia UPV","alternateName":"Campus de Gandia UPV","url":"https:\/\/cienciagandia.webs.upv.es\/","logo":{"@type":"ImageObject","inLanguage":"en-US","@id":"https:\/\/cienciagandia.webs.upv.es\/#\/schema\/logo\/image\/","url":"https:\/\/cienciagandia.webs.upv.es\/wp-content\/uploads\/2023\/10\/UPV-Gandia.jpg","contentUrl":"https:\/\/cienciagandia.webs.upv.es\/wp-content\/uploads\/2023\/10\/UPV-Gandia.jpg","width":770,"height":366,"caption":"Campus de Gandia de la Universitat Polit\u00e8cnica de Val\u00e8ncia UPV"},"image":{"@id":"https:\/\/cienciagandia.webs.upv.es\/#\/schema\/logo\/image\/"},"sameAs":["https:\/\/www.facebook.com\/UPVCampusGandia","https:\/\/x.com\/UPVCampusGandia","https:\/\/www.instagram.com\/upvcampusgandia\/","https:\/\/www.linkedin.com\/company\/upvcampusgandia\/"]}]}},"_links":{"self":[{"href":"https:\/\/cienciagandia.webs.upv.es\/en\/wp-json\/wp\/v2\/pages\/1732","targetHints":{"allow":["GET"]}}],"collection":[{"href":"https:\/\/cienciagandia.webs.upv.es\/en\/wp-json\/wp\/v2\/pages"}],"about":[{"href":"https:\/\/cienciagandia.webs.upv.es\/en\/wp-json\/wp\/v2\/types\/page"}],"author":[{"embeddable":true,"href":"https:\/\/cienciagandia.webs.upv.es\/en\/wp-json\/wp\/v2\/users\/15"}],"replies":[{"embeddable":true,"href":"https:\/\/cienciagandia.webs.upv.es\/en\/wp-json\/wp\/v2\/comments?post=1732"}],"version-history":[{"count":29,"href":"https:\/\/cienciagandia.webs.upv.es\/en\/wp-json\/wp\/v2\/pages\/1732\/revisions"}],"predecessor-version":[{"id":24759,"href":"https:\/\/cienciagandia.webs.upv.es\/en\/wp-json\/wp\/v2\/pages\/1732\/revisions\/24759"}],"wp:featuredmedia":[{"embeddable":true,"href":"https:\/\/cienciagandia.webs.upv.es\/en\/wp-json\/wp\/v2\/media\/23614"}],"wp:attachment":[{"href":"https:\/\/cienciagandia.webs.upv.es\/en\/wp-json\/wp\/v2\/media?parent=1732"}],"curies":[{"name":"wp","href":"https:\/\/api.w.org\/{rel}","templated":true}]}}