{"id":24789,"date":"2014-10-15T13:47:54","date_gmt":"2014-10-15T11:47:54","guid":{"rendered":"https:\/\/cienciagandia.webs.upv.es\/?page_id=24789"},"modified":"2025-10-05T13:56:25","modified_gmt":"2025-10-05T11:56:25","slug":"cookies","status":"publish","type":"page","link":"https:\/\/cienciagandia.webs.upv.es\/ca\/cookies\/","title":{"rendered":"Pol\u00edtica de cookies"},"content":{"rendered":"\n<h3 class=\"wp-block-heading\">Qu\u00e8 s\u00f3n les cookies i com funcionen?<\/h3>\n\n\n\n<p>Una cookie \u00e9s un petit fragment de dades (arxius de text) que un lloc web, quan \u00e9s visitat per un usuari, demana al seu navegador que s\u2019emmagatzeme en el seu dispositiu per tal d\u2019assegurar que la p\u00e0gina funcione correctament i recordar informaci\u00f3 sobre vost\u00e8, com per exemple, la prefer\u00e8ncia d\u2019idioma, la seua informaci\u00f3 per iniciar sessi\u00f3, con\u00e9ixer la seua experi\u00e8ncia de navegaci\u00f3 i recopilar informaci\u00f3 estad\u00edstica an\u00f2nima (les p\u00e0gines que ha visitat o quant de temps ha rom\u00e0s al lloc web).<\/p>\n\n\n\n<p>Fem servir cookies establertes per nosaltres, anomenades cookies de primera part, i cookies de terceres parts (que s\u00f3n cookies d\u2019un domini diferent al domini del lloc web que est\u00e0 visitant). Les cookies s\u2019utilitzen amb finalitats de funcionalitat del web i per als nostres estudis d\u2019an\u00e0lisi.<\/p>\n\n\n\n<p>\u00c9s possible que les cookies recopilen dades personals dels usuaris, com l\u2019adre\u00e7a IP del seu equip o un identificador d\u2019usuari\/visitant. Per con\u00e9ixer m\u00e9s sobre el tractament que realitzem sobre aquestes dades, consulte la nostra Pol\u00edtica de Privacitat.<\/p>\n\n\n\n<p>Els usos concrets que fem d\u2019aquestes tecnologies es descriuen a continuaci\u00f3.<\/p>\n\n\n\n<h3 class=\"wp-block-heading\">Tipologia i funcionalitat de les cookies<\/h3>\n\n\n\n<p>Les <strong>cookies<\/strong>, en funci\u00f3 de la seua perman\u00e8ncia, es poden dividir en <strong>cookies de sessi\u00f3<\/strong> o <strong>permanents<\/strong>. Les primeres expiren quan l\u2019usuari tanca el navegador. Les segones expiren quan es compleix l\u2019objectiu per al qual serveixen (per exemple, per tal que l\u2019usuari es mantinga identificat al lloc web) o b\u00e9 quan esborren manualment.<\/p>\n\n\n\n<p>A m\u00e9s, en funci\u00f3 del seu objectiu, les cookies es poden classificar de la seg\u00fcent manera:<\/p>\n\n\n\n<ul class=\"wp-block-list\">\n<li><strong>Estricteament necess\u00e0ries (t\u00e8cniques): <\/strong>S\u00f3n aquelles imprescindibles per al correcte funcionament de la p\u00e0gina. Normalment es generen quan l\u2019usuari accedeix al lloc web o inicia sessi\u00f3 en aquest i s\u2019utilitzen per identificar-lo al lloc web amb els seg\u00fcents objectius:\n<ul class=\"wp-block-list\">\n<li>Mantenir l\u2019usuari identificat de manera que, si abandona el lloc web, el navegador o el dispositiu i en un altre moment torna a accedir a aquest lloc web, continuar\u00e0 identificat, facilitant aix\u00ed la seua navegaci\u00f3 sense haver de tornar a identificar-se.<\/li>\n\n\n\n<li>Comprovar si l\u2019usuari est\u00e0 autoritzat per accedir a certs serveis o zones del lloc web.<\/li>\n<\/ul>\n<\/li>\n\n\n\n<li><strong>De rendiment:<\/strong> S\u2019utilitzen per millorar l\u2019experi\u00e8ncia de navegaci\u00f3 i optimitzar el funcionament del lloc web, com, per exemple, emmagatzemar les configuracions de serveis o guardar la compra realitzada en un carret de la compra.<\/li>\n\n\n\n<li><strong>De publicitat:<\/strong> S\u00f3n aquelles que recopilen informaci\u00f3 sobre els anuncis mostrats als usuaris del lloc web. Poden ser de dos tipus:<\/li>\n\n\n\n<li><strong>An\u00f2nimes: <\/strong>Nom\u00e9s recopilen informaci\u00f3 sobre els espais publicitaris mostrats al lloc web, independentment de l\u2019usuari que accedeix al lloc web, \u00e9s a dir, sense identificar-lo expressament.<\/li>\n\n\n\n<li><strong>Personalitzades: <\/strong>Recopilen informaci\u00f3 personal de l\u2019usuari del lloc web per part d\u2019un tercer, per a la personalitzaci\u00f3 d\u2019aquests espais publicitaris.<\/li>\n\n\n\n<li><strong>De geolocalitzaci\u00f3: <\/strong>Aquestes cookies s\u2019utilitzen per esbrinar en quin pa\u00eds o regi\u00f3 es troba l\u2019usuari quan accedeix a un servei del lloc web amb l\u2019objectiu d\u2019oferir-li continguts o serveis adequats a la seua localitzaci\u00f3.<\/li>\n\n\n\n<li><strong>Anal\u00edtiques: <\/strong>Recopilen informaci\u00f3 sobre l\u2019experi\u00e8ncia de navegaci\u00f3 de l\u2019usuari al lloc web, normalment de manera an\u00f2nima, encara que en ocasions tamb\u00e9 permeten identificar de manera \u00fanica i inequ\u00edvoca l\u2019usuari amb l\u2019objectiu d\u2019obtenir informes sobre els interessos dels usuaris en els serveis que ofereix el lloc web.<\/li>\n<\/ul>\n\n\n\n<h3 class=\"wp-block-heading\">Cookies utilitzades en aquest lloc web<\/h3>\n\n\n\n<p>A continuaci\u00f3, es mostra una taula amb les <strong>cookies<\/strong> utilitzades en aquest lloc web, incorporant un criteri de \u201cnivell d\u2019intrusivitat\u201d basat en una escala de l\u20191 al 3, en la qual:<\/p>\n\n\n\n<p><strong>Nivell 1:<\/strong> correspon a les <strong>cookies estrictament necess\u00e0ries<\/strong> per a la prestaci\u00f3 del servei sol\u00b7licitat per l\u2019usuari.<\/p>\n\n\n\n<p><strong>Nivell 2: <\/strong>correspon a les <strong>cookies de rendiment (an\u00f2nimes)<\/strong> necess\u00e0ries per al manteniment de continguts i la navegaci\u00f3, de les quals nom\u00e9s cal informar sobre la seua exist\u00e8ncia.<\/p>\n\n\n\n<p><strong>Nivell 3: <\/strong>correspon a les <strong>cookies gestionades per tercers<\/strong> que permeten el seguiment de l\u2019usuari a trav\u00e9s de webs de les quals la <strong>UPV<\/strong> no \u00e9s titular. Normalment corresponen a cookies de publicitat o d\u2019anal\u00edtiques on s\u2019identifica l\u2019usuari de manera \u00fanica i evident.<\/p>\n\n\n\n<figure class=\"wp-block-table\"><table class=\"has-fixed-layout\"><tbody><tr><td colspan=\"5\"><strong>Tabla de cookies utilizadas<\/strong>&nbsp;<\/td><\/tr><tr><td><strong>Cookie<\/strong><\/td><td><strong>Durada<\/strong><\/td><td><strong>Tipus<\/strong><\/td><td><strong>Finalitat<\/strong><\/td><td><strong>Intrusivitat<\/strong><\/td><\/tr><tr><td>__ga<\/td><td>2 anys<\/td><td>De tercers<\/td><td>Google Analytics, distingeix usuaris \u00fanics<\/td><td>3<\/td><\/tr><tr><td>__ga_03LNVMF7V9<\/td><td>2 anys<\/td><td>De tercers<\/td><td>Google Analytics, manteniment de sessi\u00f3 i seguiment<\/td><td>3<\/td><\/tr><tr><td>_koko_analytics_pages_viewed<\/td><td>Sessi\u00f3<\/td><td>Propia<\/td><td>Registre an\u00f2nim de p\u00e0gines vistes<\/td><td>2<\/td><\/tr><tr><td>cmplz_banner-status<\/td><td>1 any<\/td><td>Propia<\/td><td>Emmagatzema si s\u2019ha descartat el b\u00e0ner de cookies<\/td><td>1<\/td><\/tr><tr><td>cmplz_consented_services<\/td><td>1 any<\/td><td>Propia<\/td><td>Emmagatzema els serveis als quals l\u2019usuari ha donat el seu consentiment<\/td><td>1<\/td><\/tr><tr><td>cmplz_functional<\/td><td>1 any<\/td><td>Propia<\/td><td>Emmagatzema l\u2019acceptaci\u00f3 de cookies funcionals<\/td><td>1<\/td><\/tr><tr><td>cmplz_marketing<\/td><td>1 any<\/td><td>Propia<\/td><td>Emmagatzema l\u2019acceptaci\u00f3 de cookies de m\u00e0rqueting<\/td><td>1<\/td><\/tr><tr><td>cmplz_policy_id<\/td><td>1 any<\/td><td>Propia<\/td><td>Emmagatzema la versi\u00f3 de la pol\u00edtica de cookies acceptada<\/td><td>1<\/td><\/tr><tr><td>cmplz_preferences<\/td><td>1 any<\/td><td>Propia<\/td><td>Emmagatzema l\u2019acceptaci\u00f3 de cookies de prefer\u00e8ncies<\/td><td>1<\/td><\/tr><tr><td>cmplz_statistics<\/td><td>1 any<\/td><td>Propia<\/td><td>Emmagatzema l\u2019acceptaci\u00f3 de cookies estad\u00edstiques<\/td><td>1<\/td><\/tr><tr><td>pll_language<\/td><td>Sessi\u00f3<\/td><td>Propia<\/td><td>Necess\u00e0ria per recordar l\u2019idioma<\/td><td>1<\/td><\/tr><\/tbody><\/table><\/figure>\n\n\n\n<h3 class=\"wp-block-heading\">Transfer\u00e8ncia internacional de dades<\/h3>\n\n\n\n<p>Aquest lloc web utilitza Google Analytics, per la qual cosa les teues dades poden ser transferides fora de l\u2019Espai Econ\u00f2mic Europeu. Podr\u00e0s trobar informaci\u00f3 ampliada sobre aquest tema a <a href=\"https:\/\/policies.google.com\/privacy?hl=es\" target=\"_blank\" rel=\"noreferrer noopener\">https:\/\/policies.google.com\/privacy?hl=es<\/a>.<\/p>\n\n\n\n<h3 class=\"wp-block-heading\">Com deshabilitar l\u2019\u00fas de les cookies<\/h3>\n\n\n\n<p>Si l\u2019usuari aix\u00ed ho desitja, \u00e9s possible deixar de acceptar les cookies del navegador o deixar de acceptar les <strong>cookies<\/strong> d\u2019un servei en particular.<\/p>\n\n\n\n<p>Tots els navegadors moderns permeten canviar la configuraci\u00f3 de les cookies. Aquests ajustos normalment es troben a les \u201cOpcions\u201d o \u201cPrefer\u00e8ncies\u201d del men\u00fa del navegador.<br>L\u2019usuari podr\u00e0, en qualsevol moment, deshabilitar l\u2019\u00fas de cookies en aquest lloc web mitjan\u00e7ant:<\/p>\n\n\n\n<ol class=\"wp-block-list\">\n<li>La configuraci\u00f3 del <strong>navegador<\/strong>, per exemple:<\/li>\n<\/ol>\n\n\n\n<ul class=\"wp-block-list\">\n<li><strong>Google Chrome<\/strong>:\u202f<a href=\"http:\/\/support.google.com\/chrome\/bin\/answer.py?hl=es&amp;answer=95647\" target=\"_blank\" rel=\"noreferrer noopener nofollow\">http:\/\/support.google.com\/chrome\/bin\/answer.py?hl=es&amp;answer=95647<\/a>&nbsp;<\/li>\n\n\n\n<li><strong>Internet Explorer<\/strong> :\u202f<a href=\"http:\/\/windows.microsoft.com\/es-es\/windows7\/how-to-manage-cookies-in-internet-explorer-9\" target=\"_blank\" rel=\"noreferrer noopener nofollow\">http:\/\/windows.microsoft.com\/es-es\/windows7\/how-to-manage-cookies-in-internet-explorer-9<\/a>&nbsp;<\/li>\n\n\n\n<li><strong>Mozilla Firefox<\/strong>:\u202f<a href=\"http:\/\/support.mozilla.org\/es\/kb\/habilitar-y-deshabilitar-cookies-que-los-sitios-we\" target=\"_blank\" rel=\"noreferrer noopener nofollow\">http:\/\/support.mozilla.org\/es\/kb\/habilitar-y-deshabilitar-cookies-que-los-sitios-we<\/a>&nbsp;<\/li>\n\n\n\n<li><strong>Apple Safari<\/strong>:\u202f<a href=\"http:\/\/support.apple.com\/kb\/ph5042\" target=\"_blank\" rel=\"noreferrer noopener nofollow\">http:\/\/support.apple.com\/kb\/ph5042<\/a>&nbsp;<\/li>\n<\/ul>\n\n\n\n<ol start=\"2\" class=\"wp-block-list\">\n<li>Altres <strong>eines de tercers<\/strong>, disponibles en l\u00ednia, que permeten als usuaris detectar les cookies en cada lloc web que visiten i gestionar-ne la desactivaci\u00f3 (per exemple, Ghostery: \u202f<a href=\"http:\/\/www.ghostery.com\/privacy-statement\" target=\"_blank\" rel=\"noreferrer noopener nofollow\">http:\/\/www.ghostery.com\/privacy-statement<\/a>).\u00a0<\/li>\n<\/ol>\n\n\n\n<h3 class=\"wp-block-heading\">Qu\u00e8 passa si deshabilita les cookies?<\/h3>\n\n\n\n<p>Algunes funcionalitats i serveis poden quedar deshabilitats o tenir un comportament diferent del previst, com per exemple, romandre identificat, mantenir les compres al \u201ccarret de la compra\u201d en un servei de comer\u00e7 electr\u00f2nic o rebre informaci\u00f3 dirigida a la seua localitzaci\u00f3, entre altres.<\/p>\n\n\n\n<p>Si deshabilita l\u2019\u00fas de <strong>cookies<\/strong> en aquest lloc web, \u00e9s probable que deixe de poder accedir a certes zones del mateix o que es degrade notablement l\u2019experi\u00e8ncia de navegaci\u00f3.<\/p>\n\n\n\n<h3 class=\"wp-block-heading\">Actualitzaci\u00f3 de la pol\u00edtica de cookies<\/h3>\n\n\n\n<p>La UPV pot modificar aquesta Pol\u00edtica de Cookies en funci\u00f3 de les exig\u00e8ncies legislatives, reglament\u00e0ries, o amb la finalitat d\u2019adaptar aquesta pol\u00edtica a les instruccions dictades per l\u2019Ag\u00e8ncia Espanyola de Protecci\u00f3 de Dades, per la qual cosa es recomana als usuaris que la visiten peri\u00f2dicament.<\/p>\n\n\n\n<p>Quan es produeixin canvis significatius en aquesta Pol\u00edtica de Cookies, l\u2019entitat procedir\u00e0 a reflectir-los al lloc web.<\/p>\n","protected":false},"excerpt":{"rendered":"<p>Qu\u00e8 s\u00f3n les cookies i com funcionen? Una cookie \u00e9s un petit fragment de dades (arxius de text) que un lloc web, quan \u00e9s visitat &#8230; <a title=\"Pol\u00edtica de cookies\" class=\"read-more\" href=\"https:\/\/cienciagandia.webs.upv.es\/ca\/cookies\/\" aria-label=\"Read more about Pol\u00edtica de cookies\">Llegir m\u00e9s<\/a><\/p>\n","protected":false},"author":15,"featured_media":24606,"parent":0,"menu_order":30,"comment_status":"closed","ping_status":"closed","template":"","meta":{"footnotes":""},"class_list":{"0":"post-24789","1":"page","2":"type-page","3":"status-publish","4":"has-post-thumbnail","6":"resize-featured-image"},"yoast_head":"<!-- This site is optimized with the Yoast SEO plugin v27.3 - https:\/\/yoast.com\/product\/yoast-seo-wordpress\/ -->\n<title>Pol\u00edtica de cookies \u2013 Campus de Gandia Ciencia - UPV Universitat Polit\u00e8cnica de Val\u00e8ncia<\/title>\n<meta name=\"description\" content=\"Pol\u00edtica de cookies - Pol\u00edtica de cookies\" \/>\n<meta name=\"robots\" content=\"index, follow, max-snippet:-1, max-image-preview:large, max-video-preview:-1\" \/>\n<link rel=\"canonical\" href=\"https:\/\/cienciagandia.webs.upv.es\/ca\/cookies\/\" \/>\n<meta property=\"og:locale\" content=\"en_US\" \/>\n<meta property=\"og:type\" content=\"article\" \/>\n<meta property=\"og:title\" content=\"Pol\u00edtica de cookies \u2013 Campus de Gandia Ciencia - UPV Universitat Polit\u00e8cnica de Val\u00e8ncia\" \/>\n<meta property=\"og:description\" content=\"Pol\u00edtica de cookies - Pol\u00edtica de cookies\" \/>\n<meta property=\"og:url\" content=\"https:\/\/cienciagandia.webs.upv.es\/ca\/cookies\/\" \/>\n<meta property=\"og:site_name\" content=\"Campus de Gandia Ciencia - UPV Universitat Polit\u00e8cnica de Val\u00e8ncia\" \/>\n<meta property=\"article:publisher\" content=\"https:\/\/www.facebook.com\/UPVCampusGandia\" \/>\n<meta property=\"article:modified_time\" content=\"2025-10-05T11:56:25+00:00\" \/>\n<meta property=\"og:image\" content=\"https:\/\/cienciagandia.webs.upv.es\/wp-content\/uploads\/2025\/10\/PORTADA-UPV-GANDIA-CIENCIA-CUADRADO.webp\" \/>\n\t<meta property=\"og:image:width\" content=\"500\" \/>\n\t<meta property=\"og:image:height\" content=\"500\" \/>\n\t<meta property=\"og:image:type\" content=\"image\/png\" \/>\n<meta name=\"twitter:card\" content=\"summary_large_image\" \/>\n<meta name=\"twitter:site\" content=\"@UPVCampusGandia\" \/>\n<meta name=\"twitter:label1\" content=\"Est. reading time\" \/>\n\t<meta name=\"twitter:data1\" content=\"6 minutes\" \/>\n<script type=\"application\/ld+json\" class=\"yoast-schema-graph\">{\"@context\":\"https:\\\/\\\/schema.org\",\"@graph\":[{\"@type\":\"WebPage\",\"@id\":\"https:\\\/\\\/cienciagandia.webs.upv.es\\\/ca\\\/cookies\\\/\",\"url\":\"https:\\\/\\\/cienciagandia.webs.upv.es\\\/ca\\\/cookies\\\/\",\"name\":\"Pol\u00edtica de cookies \u2013 Campus de Gandia Ciencia - UPV Universitat Polit\u00e8cnica de Val\u00e8ncia\",\"isPartOf\":{\"@id\":\"https:\\\/\\\/cienciagandia.webs.upv.es\\\/#website\"},\"primaryImageOfPage\":{\"@id\":\"https:\\\/\\\/cienciagandia.webs.upv.es\\\/ca\\\/cookies\\\/#primaryimage\"},\"image\":{\"@id\":\"https:\\\/\\\/cienciagandia.webs.upv.es\\\/ca\\\/cookies\\\/#primaryimage\"},\"thumbnailUrl\":\"https:\\\/\\\/cienciagandia.webs.upv.es\\\/wp-content\\\/uploads\\\/2025\\\/10\\\/PORTADA-UPV-GANDIA-CIENCIA-CUADRADO.webp\",\"datePublished\":\"2014-10-15T11:47:54+00:00\",\"dateModified\":\"2025-10-05T11:56:25+00:00\",\"description\":\"Pol\u00edtica de cookies - Pol\u00edtica de cookies\",\"breadcrumb\":{\"@id\":\"https:\\\/\\\/cienciagandia.webs.upv.es\\\/ca\\\/cookies\\\/#breadcrumb\"},\"inLanguage\":\"ca-CA\",\"potentialAction\":[{\"@type\":\"ReadAction\",\"target\":[\"https:\\\/\\\/cienciagandia.webs.upv.es\\\/ca\\\/cookies\\\/\"]}]},{\"@type\":\"ImageObject\",\"inLanguage\":\"ca-CA\",\"@id\":\"https:\\\/\\\/cienciagandia.webs.upv.es\\\/ca\\\/cookies\\\/#primaryimage\",\"url\":\"https:\\\/\\\/cienciagandia.webs.upv.es\\\/wp-content\\\/uploads\\\/2025\\\/10\\\/PORTADA-UPV-GANDIA-CIENCIA-CUADRADO.webp\",\"contentUrl\":\"https:\\\/\\\/cienciagandia.webs.upv.es\\\/wp-content\\\/uploads\\\/2025\\\/10\\\/PORTADA-UPV-GANDIA-CIENCIA-CUADRADO.webp\",\"width\":500,\"height\":500,\"caption\":\"Portada UPV Gandia Ciencia\"},{\"@type\":\"BreadcrumbList\",\"@id\":\"https:\\\/\\\/cienciagandia.webs.upv.es\\\/ca\\\/cookies\\\/#breadcrumb\",\"itemListElement\":[{\"@type\":\"ListItem\",\"position\":1,\"name\":\"Portada\",\"item\":\"https:\\\/\\\/cienciagandia.webs.upv.es\\\/ca\\\/\"},{\"@type\":\"ListItem\",\"position\":2,\"name\":\"Pol\u00edtica de cookies\"}]},{\"@type\":\"WebSite\",\"@id\":\"https:\\\/\\\/cienciagandia.webs.upv.es\\\/#website\",\"url\":\"https:\\\/\\\/cienciagandia.webs.upv.es\\\/\",\"name\":\"Blog de Ciencia del Campus de Gandia de la Universitat Polit\u00e8cnica de Val\u00e8ncia UPV\",\"description\":\"Campus de Gandia Ciencia UPV\",\"publisher\":{\"@id\":\"https:\\\/\\\/cienciagandia.webs.upv.es\\\/#organization\"},\"potentialAction\":[{\"@type\":\"SearchAction\",\"target\":{\"@type\":\"EntryPoint\",\"urlTemplate\":\"https:\\\/\\\/cienciagandia.webs.upv.es\\\/?s={search_term_string}\"},\"query-input\":{\"@type\":\"PropertyValueSpecification\",\"valueRequired\":true,\"valueName\":\"search_term_string\"}}],\"inLanguage\":\"ca-CA\"},{\"@type\":\"Organization\",\"@id\":\"https:\\\/\\\/cienciagandia.webs.upv.es\\\/#organization\",\"name\":\"Campus de Gandia de la Universitat Polit\u00e8cnica de Val\u00e8ncia UPV\",\"alternateName\":\"Campus de Gandia UPV\",\"url\":\"https:\\\/\\\/cienciagandia.webs.upv.es\\\/\",\"logo\":{\"@type\":\"ImageObject\",\"inLanguage\":\"ca-CA\",\"@id\":\"https:\\\/\\\/cienciagandia.webs.upv.es\\\/#\\\/schema\\\/logo\\\/image\\\/\",\"url\":\"https:\\\/\\\/cienciagandia.webs.upv.es\\\/wp-content\\\/uploads\\\/2023\\\/10\\\/UPV-Gandia.jpg\",\"contentUrl\":\"https:\\\/\\\/cienciagandia.webs.upv.es\\\/wp-content\\\/uploads\\\/2023\\\/10\\\/UPV-Gandia.jpg\",\"width\":770,\"height\":366,\"caption\":\"Campus de Gandia de la Universitat Polit\u00e8cnica de Val\u00e8ncia UPV\"},\"image\":{\"@id\":\"https:\\\/\\\/cienciagandia.webs.upv.es\\\/#\\\/schema\\\/logo\\\/image\\\/\"},\"sameAs\":[\"https:\\\/\\\/www.facebook.com\\\/UPVCampusGandia\",\"https:\\\/\\\/x.com\\\/UPVCampusGandia\",\"https:\\\/\\\/www.instagram.com\\\/upvcampusgandia\\\/\",\"https:\\\/\\\/www.linkedin.com\\\/company\\\/upvcampusgandia\\\/\"]}]}<\/script>\n<!-- \/ Yoast SEO plugin. -->","yoast_head_json":{"title":"Pol\u00edtica de cookies \u2013 Campus de Gandia Ciencia - UPV Universitat Polit\u00e8cnica de Val\u00e8ncia","description":"Pol\u00edtica de cookies - Pol\u00edtica de cookies","robots":{"index":"index","follow":"follow","max-snippet":"max-snippet:-1","max-image-preview":"max-image-preview:large","max-video-preview":"max-video-preview:-1"},"canonical":"https:\/\/cienciagandia.webs.upv.es\/ca\/cookies\/","og_locale":"en_US","og_type":"article","og_title":"Pol\u00edtica de cookies \u2013 Campus de Gandia Ciencia - UPV Universitat Polit\u00e8cnica de Val\u00e8ncia","og_description":"Pol\u00edtica de cookies - Pol\u00edtica de cookies","og_url":"https:\/\/cienciagandia.webs.upv.es\/ca\/cookies\/","og_site_name":"Campus de Gandia Ciencia - UPV Universitat Polit\u00e8cnica de Val\u00e8ncia","article_publisher":"https:\/\/www.facebook.com\/UPVCampusGandia","article_modified_time":"2025-10-05T11:56:25+00:00","og_image":[{"width":500,"height":500,"url":"https:\/\/cienciagandia.webs.upv.es\/wp-content\/uploads\/2025\/10\/PORTADA-UPV-GANDIA-CIENCIA-CUADRADO.webp","type":"image\/png"}],"twitter_card":"summary_large_image","twitter_site":"@UPVCampusGandia","twitter_misc":{"Est. reading time":"6 minutes"},"schema":{"@context":"https:\/\/schema.org","@graph":[{"@type":"WebPage","@id":"https:\/\/cienciagandia.webs.upv.es\/ca\/cookies\/","url":"https:\/\/cienciagandia.webs.upv.es\/ca\/cookies\/","name":"Pol\u00edtica de cookies \u2013 Campus de Gandia Ciencia - UPV Universitat Polit\u00e8cnica de Val\u00e8ncia","isPartOf":{"@id":"https:\/\/cienciagandia.webs.upv.es\/#website"},"primaryImageOfPage":{"@id":"https:\/\/cienciagandia.webs.upv.es\/ca\/cookies\/#primaryimage"},"image":{"@id":"https:\/\/cienciagandia.webs.upv.es\/ca\/cookies\/#primaryimage"},"thumbnailUrl":"https:\/\/cienciagandia.webs.upv.es\/wp-content\/uploads\/2025\/10\/PORTADA-UPV-GANDIA-CIENCIA-CUADRADO.webp","datePublished":"2014-10-15T11:47:54+00:00","dateModified":"2025-10-05T11:56:25+00:00","description":"Pol\u00edtica de cookies - Pol\u00edtica de cookies","breadcrumb":{"@id":"https:\/\/cienciagandia.webs.upv.es\/ca\/cookies\/#breadcrumb"},"inLanguage":"ca-CA","potentialAction":[{"@type":"ReadAction","target":["https:\/\/cienciagandia.webs.upv.es\/ca\/cookies\/"]}]},{"@type":"ImageObject","inLanguage":"ca-CA","@id":"https:\/\/cienciagandia.webs.upv.es\/ca\/cookies\/#primaryimage","url":"https:\/\/cienciagandia.webs.upv.es\/wp-content\/uploads\/2025\/10\/PORTADA-UPV-GANDIA-CIENCIA-CUADRADO.webp","contentUrl":"https:\/\/cienciagandia.webs.upv.es\/wp-content\/uploads\/2025\/10\/PORTADA-UPV-GANDIA-CIENCIA-CUADRADO.webp","width":500,"height":500,"caption":"Portada UPV Gandia Ciencia"},{"@type":"BreadcrumbList","@id":"https:\/\/cienciagandia.webs.upv.es\/ca\/cookies\/#breadcrumb","itemListElement":[{"@type":"ListItem","position":1,"name":"Portada","item":"https:\/\/cienciagandia.webs.upv.es\/ca\/"},{"@type":"ListItem","position":2,"name":"Pol\u00edtica de cookies"}]},{"@type":"WebSite","@id":"https:\/\/cienciagandia.webs.upv.es\/#website","url":"https:\/\/cienciagandia.webs.upv.es\/","name":"Blog de Ciencia del Campus de Gandia de la Universitat Polit\u00e8cnica de Val\u00e8ncia UPV","description":"Campus de Gandia Ciencia UPV","publisher":{"@id":"https:\/\/cienciagandia.webs.upv.es\/#organization"},"potentialAction":[{"@type":"SearchAction","target":{"@type":"EntryPoint","urlTemplate":"https:\/\/cienciagandia.webs.upv.es\/?s={search_term_string}"},"query-input":{"@type":"PropertyValueSpecification","valueRequired":true,"valueName":"search_term_string"}}],"inLanguage":"ca-CA"},{"@type":"Organization","@id":"https:\/\/cienciagandia.webs.upv.es\/#organization","name":"Campus de Gandia de la Universitat Polit\u00e8cnica de Val\u00e8ncia UPV","alternateName":"Campus de Gandia UPV","url":"https:\/\/cienciagandia.webs.upv.es\/","logo":{"@type":"ImageObject","inLanguage":"ca-CA","@id":"https:\/\/cienciagandia.webs.upv.es\/#\/schema\/logo\/image\/","url":"https:\/\/cienciagandia.webs.upv.es\/wp-content\/uploads\/2023\/10\/UPV-Gandia.jpg","contentUrl":"https:\/\/cienciagandia.webs.upv.es\/wp-content\/uploads\/2023\/10\/UPV-Gandia.jpg","width":770,"height":366,"caption":"Campus de Gandia de la Universitat Polit\u00e8cnica de Val\u00e8ncia UPV"},"image":{"@id":"https:\/\/cienciagandia.webs.upv.es\/#\/schema\/logo\/image\/"},"sameAs":["https:\/\/www.facebook.com\/UPVCampusGandia","https:\/\/x.com\/UPVCampusGandia","https:\/\/www.instagram.com\/upvcampusgandia\/","https:\/\/www.linkedin.com\/company\/upvcampusgandia\/"]}]}},"_links":{"self":[{"href":"https:\/\/cienciagandia.webs.upv.es\/ca\/wp-json\/wp\/v2\/pages\/24789","targetHints":{"allow":["GET"]}}],"collection":[{"href":"https:\/\/cienciagandia.webs.upv.es\/ca\/wp-json\/wp\/v2\/pages"}],"about":[{"href":"https:\/\/cienciagandia.webs.upv.es\/ca\/wp-json\/wp\/v2\/types\/page"}],"author":[{"embeddable":true,"href":"https:\/\/cienciagandia.webs.upv.es\/ca\/wp-json\/wp\/v2\/users\/15"}],"replies":[{"embeddable":true,"href":"https:\/\/cienciagandia.webs.upv.es\/ca\/wp-json\/wp\/v2\/comments?post=24789"}],"version-history":[{"count":1,"href":"https:\/\/cienciagandia.webs.upv.es\/ca\/wp-json\/wp\/v2\/pages\/24789\/revisions"}],"predecessor-version":[{"id":24791,"href":"https:\/\/cienciagandia.webs.upv.es\/ca\/wp-json\/wp\/v2\/pages\/24789\/revisions\/24791"}],"wp:featuredmedia":[{"embeddable":true,"href":"https:\/\/cienciagandia.webs.upv.es\/ca\/wp-json\/wp\/v2\/media\/24606"}],"wp:attachment":[{"href":"https:\/\/cienciagandia.webs.upv.es\/ca\/wp-json\/wp\/v2\/media?parent=24789"}],"curies":[{"name":"wp","href":"https:\/\/api.w.org\/{rel}","templated":true}]}}