{"id":24774,"date":"2025-09-30T13:26:51","date_gmt":"2025-09-30T11:26:51","guid":{"rendered":"https:\/\/cienciagandia.webs.upv.es\/?page_id=24774"},"modified":"2025-10-05T12:53:28","modified_gmt":"2025-10-05T10:53:28","slug":"avis-legal","status":"publish","type":"page","link":"https:\/\/cienciagandia.webs.upv.es\/ca\/avis-legal\/","title":{"rendered":"Av\u00eds legal"},"content":{"rendered":"\n<p><strong>Identificaci\u00f3 del titular del lloc web<\/strong><\/p>\n\n\n\n<p><strong>Nom:<\/strong>&nbsp;UNIVERSITAT POLIT\u00c8CNICA DE VAL\u00c8NCIA (UPV)<\/p>\n\n\n\n<ul class=\"wp-block-list\">\n<li><strong>CIF:<\/strong>&nbsp;Q-4618002-B<\/li>\n\n\n\n<li><strong>Domicili:<\/strong>&nbsp;Paranimf 1, 46730 Grau de Gandia (Val\u00e8ncia)<\/li>\n\n\n\n<li><strong>E-mail de contacte:<\/strong>&nbsp;<a href=\"mailto:iditransferencia@epsg.upv.es\">iditransferencia@epsg.upv.es<\/a><\/li>\n\n\n\n<li><strong>Tel\u00e8fon de contacte:<\/strong>&nbsp;962849409<\/li>\n\n\n\n<li><strong>Dades registrals:&nbsp;<\/strong>creada amb rang d\u2019universitat en virtut del Decret 495\/1971, d\u201911 de mar\u00e7 (BOE de 26 de mar\u00e7 de 1971)<\/li>\n<\/ul>\n\n\n\n<p><strong><strong>Condicions d\u2019\u00fas del lloc web<\/strong><\/strong><\/p>\n\n\n\n<p>L\u2019acc\u00e9s i \u00fas d\u2019aquest lloc web implica l\u2019acceptaci\u00f3 de les seg\u00fcents condicions:<\/p>\n\n\n\n<ul class=\"wp-block-list\">\n<li>L\u2019usuari es compromet a utilitzar el lloc web de conformitat amb la llei, la moral i els bons costums.<\/li>\n\n\n\n<li>El titular del lloc web no es responsabilitza dels danys i perjudicis derivats de l\u2019\u00fas indegut del lloc web.<\/li>\n\n\n\n<li>El contingut del lloc web \u00e9s propietat del titular i est\u00e0 protegit per drets de propietat intel\u00b7lectual i industrial.<\/li>\n<\/ul>\n\n\n\n<p><strong><strong>Propietat intel\u00b7lectual i industrial<\/strong><\/strong><\/p>\n\n\n\n<p>UNIVERSITAT POLIT\u00c8CNICA DE VAL\u00c8NCIA (UPV) \u00e9s titular de tots els drets de propietat intel\u00b7lectual i industrial de la seua p\u00e0gina web, aix\u00ed com dels elements que hi cont\u00e9 (a t\u00edtol enunciatiu, per\u00f2 no limitatiu, imatges, so, \u00e0udio, v\u00eddeo, programari o textos; marques o logotips, combinacions de colors, estructura i disseny, selecci\u00f3 de materials usats, programes d\u2019ordinador necessaris per al seu funcionament, acc\u00e9s i \u00fas, etc.), titularitat de UNIVERSITAT POLIT\u00c8CNICA DE VAL\u00c8NCIA (UPV).<\/p>\n\n\n\n<p><strong>Protecci\u00f3 de dades personals<\/strong><\/p>\n\n\n\n<p>UNIVERSITAT POLIT\u00c8CNICA DE VAL\u00c8NCIA (UPV) compleix amb les directrius del Reglament (UE) 2016\/679 del Parlament Europeu i del Consell de 27 d\u2019abril de 2016 relatiu a la protecci\u00f3 de les persones f\u00edsiques pel que fa al tractament de dades personals i a la lliure circulaci\u00f3 d\u2019aquestes dades (RGPD), i la Llei org\u00e0nica 3\/2018, de 5 de desembre, de Protecci\u00f3 de Dades Personals i garantia dels drets digitals (LOPDGDD), i vetla per garantir un correcte \u00fas i tractament de les dades personals de l\u2019USUARI . Per a m\u00e9s informaci\u00f3, consulta la nostra\u00a0<a href=\"https:\/\/cienciagandia.webs.upv.es\/ca\/privacitat\/\">Pol\u00edtica de Privacitat<\/a>.<\/p>\n\n\n\n<p><strong><strong>\u00das de cookies<\/strong><\/strong><\/p>\n\n\n\n<p>Aquest lloc web utilitza&nbsp;<em>cookies<\/em>&nbsp;pr\u00f2pies i de tercers amb finalitats t\u00e8cniques, d\u2019an\u00e0lisis i personalitzaci\u00f3. Pots acceptar totes les&nbsp;<em>cookies<\/em>, rebutjar-les o configurar les teues prefer\u00e8ncies. Per a m\u00e9s informaci\u00f3, consulta la nostra&nbsp;<a href=\"https:\/\/cienciagandia.webs.upv.es\/ca\/cookies\/\">Pol\u00edtica de Cookies<\/a>.<\/p>\n\n\n\n<p><strong>Links<\/strong><\/p>\n\n\n\n<p>Aquest lloc web podr\u00e0 incloure enlla\u00e7os a altres p\u00e0gines web o recursos gestionats per terceres parts que no siguen UNIVERSITAT POLIT\u00c8CNICA DE VAL\u00c8NCIA (UPV), inclosos anunciants. UNIVERSITAT POLIT\u00c8CNICA DE VAL\u00c8NCIA (UPV) no ha revisat totes les p\u00e0gines web vinculades a aquesta p\u00e0gina web i no es fa responsable del contingut o veracitat d\u2019aquestes p\u00e0gines web externes ni tampoc de la seua disponibilitat&nbsp; o la dels &nbsp;recursos externs; i no aprova ni es responsabilitza, de manera directa o indirecta, de les pr\u00e0ctiques de privacitat o del contingut d\u2019aquestes p\u00e0gines web, incloent (sense restriccions) qualsevol publicitat, producte o altres materials o serveis de la p\u00e0gina web o disponibles en aquestes p\u00e0gines web o recursos, ni per danys, p\u00e8rdues o infraccions causats, o presumptament causats, per l\u2019\u00fas, o en relaci\u00f3 amb l\u2019\u00fas o dependents d\u2019aquest contingut, b\u00e9ns o serveis disponibles en aquestes p\u00e0gines web o recursos externs.<\/p>\n\n\n\n<p><strong>Limitaci\u00f3 de responsabilitat<\/strong><\/p>\n\n\n\n<p>El titular del lloc web no es responsabilitza dels danys i perjudicis derivats de l\u2019\u00fas del lloc web, incloent errors o omissions en els continguts, falta de disponibilitat del lloc web, o transmissi\u00f3 de virus o programes maliciosos.<\/p>\n\n\n\n<p><strong>Llei aplicable i Jurisdicci\u00f3<\/strong><\/p>\n\n\n\n<p>El present Av\u00eds Legal es regeix per la legislaci\u00f3 espanyola. Llevat que la Llei que resulte aplicable dispose obligat\u00f2riament una altra cosa, les parts acorden sotmetre\u2019s als Jutjats i Tribunals de Val\u00e8ncia amb ren\u00fancia expressa de les parts a qualsevol altre fur.<\/p>\n","protected":false},"excerpt":{"rendered":"<p>Identificaci\u00f3 del titular del lloc web Nom:&nbsp;UNIVERSITAT POLIT\u00c8CNICA DE VAL\u00c8NCIA (UPV) Condicions d\u2019\u00fas del lloc web L\u2019acc\u00e9s i \u00fas d\u2019aquest lloc web implica l\u2019acceptaci\u00f3 de &#8230; <a title=\"Av\u00eds legal\" class=\"read-more\" href=\"https:\/\/cienciagandia.webs.upv.es\/ca\/avis-legal\/\" aria-label=\"Read more about Av\u00eds legal\">Llegir m\u00e9s<\/a><\/p>\n","protected":false},"author":15,"featured_media":24606,"parent":0,"menu_order":0,"comment_status":"closed","ping_status":"closed","template":"","meta":{"footnotes":""},"class_list":{"0":"post-24774","1":"page","2":"type-page","3":"status-publish","4":"has-post-thumbnail","6":"resize-featured-image"},"yoast_head":"<!-- This site is optimized with the Yoast SEO plugin v27.4 - https:\/\/yoast.com\/product\/yoast-seo-wordpress\/ -->\n<title>Av\u00eds legal \u2013 Campus de Gandia Ciencia - UPV Universitat Polit\u00e8cnica de Val\u00e8ncia<\/title>\n<meta name=\"description\" content=\"Av\u00eds legal - Campus de Gandia Ciencia - UPV Universitat Polit\u00e8cnica de Val\u00e8ncia\" \/>\n<meta name=\"robots\" content=\"index, follow, max-snippet:-1, max-image-preview:large, max-video-preview:-1\" \/>\n<link rel=\"canonical\" href=\"https:\/\/cienciagandia.webs.upv.es\/ca\/avis-legal\/\" \/>\n<meta property=\"og:locale\" content=\"en_US\" \/>\n<meta property=\"og:type\" content=\"article\" \/>\n<meta property=\"og:title\" content=\"Av\u00eds legal \u2013 Campus de Gandia Ciencia - UPV Universitat Polit\u00e8cnica de Val\u00e8ncia\" \/>\n<meta property=\"og:description\" content=\"Av\u00eds legal - Campus de Gandia Ciencia - UPV Universitat Polit\u00e8cnica de Val\u00e8ncia\" \/>\n<meta property=\"og:url\" content=\"https:\/\/cienciagandia.webs.upv.es\/ca\/avis-legal\/\" \/>\n<meta property=\"og:site_name\" content=\"Campus de Gandia Ciencia - UPV Universitat Polit\u00e8cnica de Val\u00e8ncia\" \/>\n<meta property=\"article:publisher\" content=\"https:\/\/www.facebook.com\/UPVCampusGandia\" \/>\n<meta property=\"article:modified_time\" content=\"2025-10-05T10:53:28+00:00\" \/>\n<meta property=\"og:image\" content=\"https:\/\/cienciagandia.webs.upv.es\/wp-content\/uploads\/2025\/10\/PORTADA-UPV-GANDIA-CIENCIA-CUADRADO.webp\" \/>\n\t<meta property=\"og:image:width\" content=\"500\" \/>\n\t<meta property=\"og:image:height\" content=\"500\" \/>\n\t<meta property=\"og:image:type\" content=\"image\/png\" \/>\n<meta name=\"twitter:card\" content=\"summary_large_image\" \/>\n<meta name=\"twitter:site\" content=\"@UPVCampusGandia\" \/>\n<meta name=\"twitter:label1\" content=\"Est. reading time\" \/>\n\t<meta name=\"twitter:data1\" content=\"3 minutes\" \/>\n<script type=\"application\/ld+json\" class=\"yoast-schema-graph\">{\"@context\":\"https:\\\/\\\/schema.org\",\"@graph\":[{\"@type\":\"WebPage\",\"@id\":\"https:\\\/\\\/cienciagandia.webs.upv.es\\\/ca\\\/avis-legal\\\/\",\"url\":\"https:\\\/\\\/cienciagandia.webs.upv.es\\\/ca\\\/avis-legal\\\/\",\"name\":\"Av\u00eds legal \u2013 Campus de Gandia Ciencia - UPV Universitat Polit\u00e8cnica de Val\u00e8ncia\",\"isPartOf\":{\"@id\":\"https:\\\/\\\/cienciagandia.webs.upv.es\\\/#website\"},\"primaryImageOfPage\":{\"@id\":\"https:\\\/\\\/cienciagandia.webs.upv.es\\\/ca\\\/avis-legal\\\/#primaryimage\"},\"image\":{\"@id\":\"https:\\\/\\\/cienciagandia.webs.upv.es\\\/ca\\\/avis-legal\\\/#primaryimage\"},\"thumbnailUrl\":\"https:\\\/\\\/cienciagandia.webs.upv.es\\\/wp-content\\\/uploads\\\/2025\\\/10\\\/PORTADA-UPV-GANDIA-CIENCIA-CUADRADO.webp\",\"datePublished\":\"2025-09-30T11:26:51+00:00\",\"dateModified\":\"2025-10-05T10:53:28+00:00\",\"description\":\"Av\u00eds legal - Campus de Gandia Ciencia - UPV Universitat Polit\u00e8cnica de Val\u00e8ncia\",\"breadcrumb\":{\"@id\":\"https:\\\/\\\/cienciagandia.webs.upv.es\\\/ca\\\/avis-legal\\\/#breadcrumb\"},\"inLanguage\":\"ca-CA\",\"potentialAction\":[{\"@type\":\"ReadAction\",\"target\":[\"https:\\\/\\\/cienciagandia.webs.upv.es\\\/ca\\\/avis-legal\\\/\"]}]},{\"@type\":\"ImageObject\",\"inLanguage\":\"ca-CA\",\"@id\":\"https:\\\/\\\/cienciagandia.webs.upv.es\\\/ca\\\/avis-legal\\\/#primaryimage\",\"url\":\"https:\\\/\\\/cienciagandia.webs.upv.es\\\/wp-content\\\/uploads\\\/2025\\\/10\\\/PORTADA-UPV-GANDIA-CIENCIA-CUADRADO.webp\",\"contentUrl\":\"https:\\\/\\\/cienciagandia.webs.upv.es\\\/wp-content\\\/uploads\\\/2025\\\/10\\\/PORTADA-UPV-GANDIA-CIENCIA-CUADRADO.webp\",\"width\":500,\"height\":500,\"caption\":\"Portada UPV Gandia Ciencia\"},{\"@type\":\"BreadcrumbList\",\"@id\":\"https:\\\/\\\/cienciagandia.webs.upv.es\\\/ca\\\/avis-legal\\\/#breadcrumb\",\"itemListElement\":[{\"@type\":\"ListItem\",\"position\":1,\"name\":\"Portada\",\"item\":\"https:\\\/\\\/cienciagandia.webs.upv.es\\\/ca\\\/\"},{\"@type\":\"ListItem\",\"position\":2,\"name\":\"Av\u00eds legal\"}]},{\"@type\":\"WebSite\",\"@id\":\"https:\\\/\\\/cienciagandia.webs.upv.es\\\/#website\",\"url\":\"https:\\\/\\\/cienciagandia.webs.upv.es\\\/\",\"name\":\"Blog de Ciencia del Campus de Gandia de la Universitat Polit\u00e8cnica de Val\u00e8ncia UPV\",\"description\":\"Campus de Gandia Ciencia UPV\",\"publisher\":{\"@id\":\"https:\\\/\\\/cienciagandia.webs.upv.es\\\/#organization\"},\"potentialAction\":[{\"@type\":\"SearchAction\",\"target\":{\"@type\":\"EntryPoint\",\"urlTemplate\":\"https:\\\/\\\/cienciagandia.webs.upv.es\\\/?s={search_term_string}\"},\"query-input\":{\"@type\":\"PropertyValueSpecification\",\"valueRequired\":true,\"valueName\":\"search_term_string\"}}],\"inLanguage\":\"ca-CA\"},{\"@type\":\"Organization\",\"@id\":\"https:\\\/\\\/cienciagandia.webs.upv.es\\\/#organization\",\"name\":\"Campus de Gandia de la Universitat Polit\u00e8cnica de Val\u00e8ncia UPV\",\"alternateName\":\"Campus de Gandia UPV\",\"url\":\"https:\\\/\\\/cienciagandia.webs.upv.es\\\/\",\"logo\":{\"@type\":\"ImageObject\",\"inLanguage\":\"ca-CA\",\"@id\":\"https:\\\/\\\/cienciagandia.webs.upv.es\\\/#\\\/schema\\\/logo\\\/image\\\/\",\"url\":\"https:\\\/\\\/cienciagandia.webs.upv.es\\\/wp-content\\\/uploads\\\/2023\\\/10\\\/UPV-Gandia.jpg\",\"contentUrl\":\"https:\\\/\\\/cienciagandia.webs.upv.es\\\/wp-content\\\/uploads\\\/2023\\\/10\\\/UPV-Gandia.jpg\",\"width\":770,\"height\":366,\"caption\":\"Campus de Gandia de la Universitat Polit\u00e8cnica de Val\u00e8ncia UPV\"},\"image\":{\"@id\":\"https:\\\/\\\/cienciagandia.webs.upv.es\\\/#\\\/schema\\\/logo\\\/image\\\/\"},\"sameAs\":[\"https:\\\/\\\/www.facebook.com\\\/UPVCampusGandia\",\"https:\\\/\\\/x.com\\\/UPVCampusGandia\",\"https:\\\/\\\/www.instagram.com\\\/upvcampusgandia\\\/\",\"https:\\\/\\\/www.linkedin.com\\\/company\\\/upvcampusgandia\\\/\"]}]}<\/script>\n<!-- \/ Yoast SEO plugin. -->","yoast_head_json":{"title":"Av\u00eds legal \u2013 Campus de Gandia Ciencia - UPV Universitat Polit\u00e8cnica de Val\u00e8ncia","description":"Av\u00eds legal - Campus de Gandia Ciencia - UPV Universitat Polit\u00e8cnica de Val\u00e8ncia","robots":{"index":"index","follow":"follow","max-snippet":"max-snippet:-1","max-image-preview":"max-image-preview:large","max-video-preview":"max-video-preview:-1"},"canonical":"https:\/\/cienciagandia.webs.upv.es\/ca\/avis-legal\/","og_locale":"en_US","og_type":"article","og_title":"Av\u00eds legal \u2013 Campus de Gandia Ciencia - UPV Universitat Polit\u00e8cnica de Val\u00e8ncia","og_description":"Av\u00eds legal - Campus de Gandia Ciencia - UPV Universitat Polit\u00e8cnica de Val\u00e8ncia","og_url":"https:\/\/cienciagandia.webs.upv.es\/ca\/avis-legal\/","og_site_name":"Campus de Gandia Ciencia - UPV Universitat Polit\u00e8cnica de Val\u00e8ncia","article_publisher":"https:\/\/www.facebook.com\/UPVCampusGandia","article_modified_time":"2025-10-05T10:53:28+00:00","og_image":[{"width":500,"height":500,"url":"https:\/\/cienciagandia.webs.upv.es\/wp-content\/uploads\/2025\/10\/PORTADA-UPV-GANDIA-CIENCIA-CUADRADO.webp","type":"image\/png"}],"twitter_card":"summary_large_image","twitter_site":"@UPVCampusGandia","twitter_misc":{"Est. reading time":"3 minutes"},"schema":{"@context":"https:\/\/schema.org","@graph":[{"@type":"WebPage","@id":"https:\/\/cienciagandia.webs.upv.es\/ca\/avis-legal\/","url":"https:\/\/cienciagandia.webs.upv.es\/ca\/avis-legal\/","name":"Av\u00eds legal \u2013 Campus de Gandia Ciencia - UPV Universitat Polit\u00e8cnica de Val\u00e8ncia","isPartOf":{"@id":"https:\/\/cienciagandia.webs.upv.es\/#website"},"primaryImageOfPage":{"@id":"https:\/\/cienciagandia.webs.upv.es\/ca\/avis-legal\/#primaryimage"},"image":{"@id":"https:\/\/cienciagandia.webs.upv.es\/ca\/avis-legal\/#primaryimage"},"thumbnailUrl":"https:\/\/cienciagandia.webs.upv.es\/wp-content\/uploads\/2025\/10\/PORTADA-UPV-GANDIA-CIENCIA-CUADRADO.webp","datePublished":"2025-09-30T11:26:51+00:00","dateModified":"2025-10-05T10:53:28+00:00","description":"Av\u00eds legal - Campus de Gandia Ciencia - UPV Universitat Polit\u00e8cnica de Val\u00e8ncia","breadcrumb":{"@id":"https:\/\/cienciagandia.webs.upv.es\/ca\/avis-legal\/#breadcrumb"},"inLanguage":"ca-CA","potentialAction":[{"@type":"ReadAction","target":["https:\/\/cienciagandia.webs.upv.es\/ca\/avis-legal\/"]}]},{"@type":"ImageObject","inLanguage":"ca-CA","@id":"https:\/\/cienciagandia.webs.upv.es\/ca\/avis-legal\/#primaryimage","url":"https:\/\/cienciagandia.webs.upv.es\/wp-content\/uploads\/2025\/10\/PORTADA-UPV-GANDIA-CIENCIA-CUADRADO.webp","contentUrl":"https:\/\/cienciagandia.webs.upv.es\/wp-content\/uploads\/2025\/10\/PORTADA-UPV-GANDIA-CIENCIA-CUADRADO.webp","width":500,"height":500,"caption":"Portada UPV Gandia Ciencia"},{"@type":"BreadcrumbList","@id":"https:\/\/cienciagandia.webs.upv.es\/ca\/avis-legal\/#breadcrumb","itemListElement":[{"@type":"ListItem","position":1,"name":"Portada","item":"https:\/\/cienciagandia.webs.upv.es\/ca\/"},{"@type":"ListItem","position":2,"name":"Av\u00eds legal"}]},{"@type":"WebSite","@id":"https:\/\/cienciagandia.webs.upv.es\/#website","url":"https:\/\/cienciagandia.webs.upv.es\/","name":"Blog de Ciencia del Campus de Gandia de la Universitat Polit\u00e8cnica de Val\u00e8ncia UPV","description":"Campus de Gandia Ciencia UPV","publisher":{"@id":"https:\/\/cienciagandia.webs.upv.es\/#organization"},"potentialAction":[{"@type":"SearchAction","target":{"@type":"EntryPoint","urlTemplate":"https:\/\/cienciagandia.webs.upv.es\/?s={search_term_string}"},"query-input":{"@type":"PropertyValueSpecification","valueRequired":true,"valueName":"search_term_string"}}],"inLanguage":"ca-CA"},{"@type":"Organization","@id":"https:\/\/cienciagandia.webs.upv.es\/#organization","name":"Campus de Gandia de la Universitat Polit\u00e8cnica de Val\u00e8ncia UPV","alternateName":"Campus de Gandia UPV","url":"https:\/\/cienciagandia.webs.upv.es\/","logo":{"@type":"ImageObject","inLanguage":"ca-CA","@id":"https:\/\/cienciagandia.webs.upv.es\/#\/schema\/logo\/image\/","url":"https:\/\/cienciagandia.webs.upv.es\/wp-content\/uploads\/2023\/10\/UPV-Gandia.jpg","contentUrl":"https:\/\/cienciagandia.webs.upv.es\/wp-content\/uploads\/2023\/10\/UPV-Gandia.jpg","width":770,"height":366,"caption":"Campus de Gandia de la Universitat Polit\u00e8cnica de Val\u00e8ncia UPV"},"image":{"@id":"https:\/\/cienciagandia.webs.upv.es\/#\/schema\/logo\/image\/"},"sameAs":["https:\/\/www.facebook.com\/UPVCampusGandia","https:\/\/x.com\/UPVCampusGandia","https:\/\/www.instagram.com\/upvcampusgandia\/","https:\/\/www.linkedin.com\/company\/upvcampusgandia\/"]}]}},"_links":{"self":[{"href":"https:\/\/cienciagandia.webs.upv.es\/ca\/wp-json\/wp\/v2\/pages\/24774","targetHints":{"allow":["GET"]}}],"collection":[{"href":"https:\/\/cienciagandia.webs.upv.es\/ca\/wp-json\/wp\/v2\/pages"}],"about":[{"href":"https:\/\/cienciagandia.webs.upv.es\/ca\/wp-json\/wp\/v2\/types\/page"}],"author":[{"embeddable":true,"href":"https:\/\/cienciagandia.webs.upv.es\/ca\/wp-json\/wp\/v2\/users\/15"}],"replies":[{"embeddable":true,"href":"https:\/\/cienciagandia.webs.upv.es\/ca\/wp-json\/wp\/v2\/comments?post=24774"}],"version-history":[{"count":2,"href":"https:\/\/cienciagandia.webs.upv.es\/ca\/wp-json\/wp\/v2\/pages\/24774\/revisions"}],"predecessor-version":[{"id":24779,"href":"https:\/\/cienciagandia.webs.upv.es\/ca\/wp-json\/wp\/v2\/pages\/24774\/revisions\/24779"}],"wp:featuredmedia":[{"embeddable":true,"href":"https:\/\/cienciagandia.webs.upv.es\/ca\/wp-json\/wp\/v2\/media\/24606"}],"wp:attachment":[{"href":"https:\/\/cienciagandia.webs.upv.es\/ca\/wp-json\/wp\/v2\/media?parent=24774"}],"curies":[{"name":"wp","href":"https:\/\/api.w.org\/{rel}","templated":true}]}}