{"id":1723,"date":"2014-03-01T12:17:20","date_gmt":"2014-03-01T11:17:20","guid":{"rendered":"http:\/\/cienciagandia.webs.upv.es\/?page_id=1723"},"modified":"2025-10-03T14:24:19","modified_gmt":"2025-10-03T12:24:19","slug":"qui-som","status":"publish","type":"page","link":"https:\/\/cienciagandia.webs.upv.es\/ca\/qui-som\/","title":{"rendered":"Qui som"},"content":{"rendered":"\n<p class=\"gb-text aparicion-pagina\">Una de les apostes m\u00e9s fermes \u00e9s potenciar l\u2019inter\u00e9s i facilitar l\u2019acostament de la societat a la ci\u00e8ncia i la investigaci\u00f3 a trav\u00e9s de la difusi\u00f3 de l\u2019activitat en R+D i el foment de la transfer\u00e8ncia de coneixement des dels diferents grups d\u2019investigaci\u00f3 del Campus.<br>Sota aquesta premissa s\u2019emmarca la creaci\u00f3 del blog UPV Gandia Ci\u00e8ncia, projecte en el qual volem acostar a la societat la ci\u00e8ncia i la investigaci\u00f3 que es duu a terme en el nostre Campus. En aquest canal compartim not\u00edcies d\u2019inter\u00e9s tecnol\u00f2gic i cient\u00edfic, congressos, esdeveniments i activitats de divulgaci\u00f3 cient\u00edfica.<br>Volem ser un espai per a connectar amb les persones que us apassiona el m\u00f3n de la ci\u00e8ncia i que vulgueu informar-vos sobre la investigaci\u00f3 i la innovaci\u00f3.<br>Ens acompanyeu?&nbsp;<a href=\"https:\/\/twitter.com\/search?q=%23UPVGandiaCiencia&amp;src=hash&amp;f=realtime\" target=\"_blank\" rel=\"noreferrer noopener\">#UPVGandiaCi\u00e8ncia<\/a><\/p>\n\n\n\n<div class=\"gb-element-4af1e953 aparicion-pagina-cabecera\">\n<iframe loading=\"lazy\" src=\"https:\/\/www.slideshare.net\/slideshow\/embed_code\/key\/4ouLz2tt6s7yxM\" width=\"597\" height=\"486\"frameborder=\"0\" marginwidth=\"0\" marginheight=\"0\" scrolling=\"no\"style=\"border: var(--border-1) solid #CCC; border-width:1px; margin-bottom:5px; max-width:100%;\"allowfullscreen><\/iframe><div style=\"margin-bottom:5px\"><\/div>\n\n\n\n<div class=\"wp-block-button is-style-fill\"><a class=\"wp-block-button__link wp-element-button\" href=\"https:\/\/cienciagandia.webs.upv.es\/wp-content\/uploads\/2025\/10\/investigacion-campus-gandia-ingles.pdf\" download=\"https:\/\/cienciagandia.webs.upv.es\/wp-content\/uploads\/2025\/10\/investigacion-campus-gandia-valenciano.pdf\" style=\"border-radius:15px\" target=\"_blank\" rel=\"noreferrer noopener\">Descarregar PDF<\/a><\/div>\n<\/div>\n\n\n\n<div class=\"gb-element-dc2ae4ec aparicion-pagina\">\n<p class=\"has-text-align-center\"><strong>Patrocinat per<\/strong>:<\/p>\n\n\n<div class=\"wp-block-image\">\n<figure class=\"aligncenter\"><img loading=\"lazy\" decoding=\"async\" width=\"476\" height=\"148\" src=\"https:\/\/cienciagandia.webs.upv.es\/wp-content\/uploads\/2022\/05\/aula.jpg\" alt=\"\" class=\"wp-image-16003\" srcset=\"https:\/\/cienciagandia.webs.upv.es\/wp-content\/uploads\/2022\/05\/aula.jpg 476w, https:\/\/cienciagandia.webs.upv.es\/wp-content\/uploads\/2022\/05\/aula-150x47.jpg 150w\" sizes=\"auto, (max-width: 476px) 100vw, 476px\" \/><\/figure>\n<\/div><\/div>\n","protected":false},"excerpt":{"rendered":"<p>Una de les apostes m\u00e9s fermes \u00e9s potenciar l\u2019inter\u00e9s i facilitar l\u2019acostament de la societat a la ci\u00e8ncia i la investigaci\u00f3 a trav\u00e9s de la &#8230; <a title=\"Qui som\" class=\"read-more\" href=\"https:\/\/cienciagandia.webs.upv.es\/ca\/qui-som\/\" aria-label=\"Read more about Qui som\">Llegir m\u00e9s<\/a><\/p>\n","protected":false},"author":15,"featured_media":659,"parent":0,"menu_order":0,"comment_status":"closed","ping_status":"closed","template":"","meta":{"footnotes":""},"class_list":{"0":"post-1723","1":"page","2":"type-page","3":"status-publish","4":"has-post-thumbnail","6":"resize-featured-image"},"yoast_head":"<!-- This site is optimized with the Yoast SEO plugin v27.4 - https:\/\/yoast.com\/product\/yoast-seo-wordpress\/ -->\n<title>Qui som \u2013 Campus de Gandia Ciencia - UPV Universitat Polit\u00e8cnica de Val\u00e8ncia<\/title>\n<meta name=\"description\" content=\"Una de les apostes m\u00e9s fermes \u00e9s potenciar l\u2019inter\u00e9s i facilitar l\u2019acostament de la societat a la ci\u00e8ncia i la investigaci\u00f3 a trav\u00e9s de la difusi\u00f3 de l\u2019activitat en R+D.\" \/>\n<meta name=\"robots\" content=\"index, follow, max-snippet:-1, max-image-preview:large, max-video-preview:-1\" \/>\n<link rel=\"canonical\" href=\"https:\/\/cienciagandia.webs.upv.es\/ca\/qui-som\/\" \/>\n<meta property=\"og:locale\" content=\"en_US\" \/>\n<meta property=\"og:type\" content=\"article\" \/>\n<meta property=\"og:title\" content=\"Qui som \u2013 Campus de Gandia Ciencia - UPV Universitat Polit\u00e8cnica de Val\u00e8ncia\" \/>\n<meta property=\"og:description\" content=\"Una de les apostes m\u00e9s fermes \u00e9s potenciar l\u2019inter\u00e9s i facilitar l\u2019acostament de la societat a la ci\u00e8ncia i la investigaci\u00f3 a trav\u00e9s de la difusi\u00f3 de l\u2019activitat en R+D.\" \/>\n<meta property=\"og:url\" content=\"https:\/\/cienciagandia.webs.upv.es\/ca\/qui-som\/\" \/>\n<meta property=\"og:site_name\" content=\"Campus de Gandia Ciencia - UPV Universitat Polit\u00e8cnica de Val\u00e8ncia\" \/>\n<meta property=\"article:publisher\" content=\"https:\/\/www.facebook.com\/UPVCampusGandia\" \/>\n<meta property=\"article:modified_time\" content=\"2025-10-03T12:24:19+00:00\" \/>\n<meta property=\"og:image\" content=\"https:\/\/cienciagandia.webs.upv.es\/wp-content\/uploads\/2014\/03\/foto-investigadores-grande-1-scaled.jpg\" \/>\n\t<meta property=\"og:image:width\" content=\"2560\" \/>\n\t<meta property=\"og:image:height\" content=\"1026\" \/>\n\t<meta property=\"og:image:type\" content=\"image\/jpeg\" \/>\n<meta name=\"twitter:card\" content=\"summary_large_image\" \/>\n<meta name=\"twitter:site\" content=\"@UPVCampusGandia\" \/>\n<meta name=\"twitter:label1\" content=\"Est. reading time\" \/>\n\t<meta name=\"twitter:data1\" content=\"1 minute\" \/>\n<script type=\"application\/ld+json\" class=\"yoast-schema-graph\">{\"@context\":\"https:\\\/\\\/schema.org\",\"@graph\":[{\"@type\":\"WebPage\",\"@id\":\"https:\\\/\\\/cienciagandia.webs.upv.es\\\/ca\\\/qui-som\\\/\",\"url\":\"https:\\\/\\\/cienciagandia.webs.upv.es\\\/ca\\\/qui-som\\\/\",\"name\":\"Qui som \u2013 Campus de Gandia Ciencia - UPV Universitat Polit\u00e8cnica de Val\u00e8ncia\",\"isPartOf\":{\"@id\":\"https:\\\/\\\/cienciagandia.webs.upv.es\\\/#website\"},\"primaryImageOfPage\":{\"@id\":\"https:\\\/\\\/cienciagandia.webs.upv.es\\\/ca\\\/qui-som\\\/#primaryimage\"},\"image\":{\"@id\":\"https:\\\/\\\/cienciagandia.webs.upv.es\\\/ca\\\/qui-som\\\/#primaryimage\"},\"thumbnailUrl\":\"https:\\\/\\\/cienciagandia.webs.upv.es\\\/wp-content\\\/uploads\\\/2014\\\/03\\\/foto-investigadores-grande-1-scaled.jpg\",\"datePublished\":\"2014-03-01T11:17:20+00:00\",\"dateModified\":\"2025-10-03T12:24:19+00:00\",\"description\":\"Una de les apostes m\u00e9s fermes \u00e9s potenciar l\u2019inter\u00e9s i facilitar l\u2019acostament de la societat a la ci\u00e8ncia i la investigaci\u00f3 a trav\u00e9s de la difusi\u00f3 de l\u2019activitat en R+D.\",\"breadcrumb\":{\"@id\":\"https:\\\/\\\/cienciagandia.webs.upv.es\\\/ca\\\/qui-som\\\/#breadcrumb\"},\"inLanguage\":\"ca-CA\",\"potentialAction\":[{\"@type\":\"ReadAction\",\"target\":[\"https:\\\/\\\/cienciagandia.webs.upv.es\\\/ca\\\/qui-som\\\/\"]}]},{\"@type\":\"ImageObject\",\"inLanguage\":\"ca-CA\",\"@id\":\"https:\\\/\\\/cienciagandia.webs.upv.es\\\/ca\\\/qui-som\\\/#primaryimage\",\"url\":\"https:\\\/\\\/cienciagandia.webs.upv.es\\\/wp-content\\\/uploads\\\/2014\\\/03\\\/foto-investigadores-grande-1-scaled.jpg\",\"contentUrl\":\"https:\\\/\\\/cienciagandia.webs.upv.es\\\/wp-content\\\/uploads\\\/2014\\\/03\\\/foto-investigadores-grande-1-scaled.jpg\",\"width\":2560,\"height\":1026},{\"@type\":\"BreadcrumbList\",\"@id\":\"https:\\\/\\\/cienciagandia.webs.upv.es\\\/ca\\\/qui-som\\\/#breadcrumb\",\"itemListElement\":[{\"@type\":\"ListItem\",\"position\":1,\"name\":\"Portada\",\"item\":\"https:\\\/\\\/cienciagandia.webs.upv.es\\\/ca\\\/\"},{\"@type\":\"ListItem\",\"position\":2,\"name\":\"Qui som\"}]},{\"@type\":\"WebSite\",\"@id\":\"https:\\\/\\\/cienciagandia.webs.upv.es\\\/#website\",\"url\":\"https:\\\/\\\/cienciagandia.webs.upv.es\\\/\",\"name\":\"Blog de Ciencia del Campus de Gandia de la Universitat Polit\u00e8cnica de Val\u00e8ncia UPV\",\"description\":\"Campus de Gandia Ciencia UPV\",\"publisher\":{\"@id\":\"https:\\\/\\\/cienciagandia.webs.upv.es\\\/#organization\"},\"potentialAction\":[{\"@type\":\"SearchAction\",\"target\":{\"@type\":\"EntryPoint\",\"urlTemplate\":\"https:\\\/\\\/cienciagandia.webs.upv.es\\\/?s={search_term_string}\"},\"query-input\":{\"@type\":\"PropertyValueSpecification\",\"valueRequired\":true,\"valueName\":\"search_term_string\"}}],\"inLanguage\":\"ca-CA\"},{\"@type\":\"Organization\",\"@id\":\"https:\\\/\\\/cienciagandia.webs.upv.es\\\/#organization\",\"name\":\"Campus de Gandia de la Universitat Polit\u00e8cnica de Val\u00e8ncia UPV\",\"alternateName\":\"Campus de Gandia UPV\",\"url\":\"https:\\\/\\\/cienciagandia.webs.upv.es\\\/\",\"logo\":{\"@type\":\"ImageObject\",\"inLanguage\":\"ca-CA\",\"@id\":\"https:\\\/\\\/cienciagandia.webs.upv.es\\\/#\\\/schema\\\/logo\\\/image\\\/\",\"url\":\"https:\\\/\\\/cienciagandia.webs.upv.es\\\/wp-content\\\/uploads\\\/2023\\\/10\\\/UPV-Gandia.jpg\",\"contentUrl\":\"https:\\\/\\\/cienciagandia.webs.upv.es\\\/wp-content\\\/uploads\\\/2023\\\/10\\\/UPV-Gandia.jpg\",\"width\":770,\"height\":366,\"caption\":\"Campus de Gandia de la Universitat Polit\u00e8cnica de Val\u00e8ncia UPV\"},\"image\":{\"@id\":\"https:\\\/\\\/cienciagandia.webs.upv.es\\\/#\\\/schema\\\/logo\\\/image\\\/\"},\"sameAs\":[\"https:\\\/\\\/www.facebook.com\\\/UPVCampusGandia\",\"https:\\\/\\\/x.com\\\/UPVCampusGandia\",\"https:\\\/\\\/www.instagram.com\\\/upvcampusgandia\\\/\",\"https:\\\/\\\/www.linkedin.com\\\/company\\\/upvcampusgandia\\\/\"]}]}<\/script>\n<!-- \/ Yoast SEO plugin. -->","yoast_head_json":{"title":"Qui som \u2013 Campus de Gandia Ciencia - UPV Universitat Polit\u00e8cnica de Val\u00e8ncia","description":"Una de les apostes m\u00e9s fermes \u00e9s potenciar l\u2019inter\u00e9s i facilitar l\u2019acostament de la societat a la ci\u00e8ncia i la investigaci\u00f3 a trav\u00e9s de la difusi\u00f3 de l\u2019activitat en R+D.","robots":{"index":"index","follow":"follow","max-snippet":"max-snippet:-1","max-image-preview":"max-image-preview:large","max-video-preview":"max-video-preview:-1"},"canonical":"https:\/\/cienciagandia.webs.upv.es\/ca\/qui-som\/","og_locale":"en_US","og_type":"article","og_title":"Qui som \u2013 Campus de Gandia Ciencia - UPV Universitat Polit\u00e8cnica de Val\u00e8ncia","og_description":"Una de les apostes m\u00e9s fermes \u00e9s potenciar l\u2019inter\u00e9s i facilitar l\u2019acostament de la societat a la ci\u00e8ncia i la investigaci\u00f3 a trav\u00e9s de la difusi\u00f3 de l\u2019activitat en R+D.","og_url":"https:\/\/cienciagandia.webs.upv.es\/ca\/qui-som\/","og_site_name":"Campus de Gandia Ciencia - UPV Universitat Polit\u00e8cnica de Val\u00e8ncia","article_publisher":"https:\/\/www.facebook.com\/UPVCampusGandia","article_modified_time":"2025-10-03T12:24:19+00:00","og_image":[{"width":2560,"height":1026,"url":"https:\/\/cienciagandia.webs.upv.es\/wp-content\/uploads\/2014\/03\/foto-investigadores-grande-1-scaled.jpg","type":"image\/jpeg"}],"twitter_card":"summary_large_image","twitter_site":"@UPVCampusGandia","twitter_misc":{"Est. reading time":"1 minute"},"schema":{"@context":"https:\/\/schema.org","@graph":[{"@type":"WebPage","@id":"https:\/\/cienciagandia.webs.upv.es\/ca\/qui-som\/","url":"https:\/\/cienciagandia.webs.upv.es\/ca\/qui-som\/","name":"Qui som \u2013 Campus de Gandia Ciencia - UPV Universitat Polit\u00e8cnica de Val\u00e8ncia","isPartOf":{"@id":"https:\/\/cienciagandia.webs.upv.es\/#website"},"primaryImageOfPage":{"@id":"https:\/\/cienciagandia.webs.upv.es\/ca\/qui-som\/#primaryimage"},"image":{"@id":"https:\/\/cienciagandia.webs.upv.es\/ca\/qui-som\/#primaryimage"},"thumbnailUrl":"https:\/\/cienciagandia.webs.upv.es\/wp-content\/uploads\/2014\/03\/foto-investigadores-grande-1-scaled.jpg","datePublished":"2014-03-01T11:17:20+00:00","dateModified":"2025-10-03T12:24:19+00:00","description":"Una de les apostes m\u00e9s fermes \u00e9s potenciar l\u2019inter\u00e9s i facilitar l\u2019acostament de la societat a la ci\u00e8ncia i la investigaci\u00f3 a trav\u00e9s de la difusi\u00f3 de l\u2019activitat en R+D.","breadcrumb":{"@id":"https:\/\/cienciagandia.webs.upv.es\/ca\/qui-som\/#breadcrumb"},"inLanguage":"ca-CA","potentialAction":[{"@type":"ReadAction","target":["https:\/\/cienciagandia.webs.upv.es\/ca\/qui-som\/"]}]},{"@type":"ImageObject","inLanguage":"ca-CA","@id":"https:\/\/cienciagandia.webs.upv.es\/ca\/qui-som\/#primaryimage","url":"https:\/\/cienciagandia.webs.upv.es\/wp-content\/uploads\/2014\/03\/foto-investigadores-grande-1-scaled.jpg","contentUrl":"https:\/\/cienciagandia.webs.upv.es\/wp-content\/uploads\/2014\/03\/foto-investigadores-grande-1-scaled.jpg","width":2560,"height":1026},{"@type":"BreadcrumbList","@id":"https:\/\/cienciagandia.webs.upv.es\/ca\/qui-som\/#breadcrumb","itemListElement":[{"@type":"ListItem","position":1,"name":"Portada","item":"https:\/\/cienciagandia.webs.upv.es\/ca\/"},{"@type":"ListItem","position":2,"name":"Qui som"}]},{"@type":"WebSite","@id":"https:\/\/cienciagandia.webs.upv.es\/#website","url":"https:\/\/cienciagandia.webs.upv.es\/","name":"Blog de Ciencia del Campus de Gandia de la Universitat Polit\u00e8cnica de Val\u00e8ncia UPV","description":"Campus de Gandia Ciencia UPV","publisher":{"@id":"https:\/\/cienciagandia.webs.upv.es\/#organization"},"potentialAction":[{"@type":"SearchAction","target":{"@type":"EntryPoint","urlTemplate":"https:\/\/cienciagandia.webs.upv.es\/?s={search_term_string}"},"query-input":{"@type":"PropertyValueSpecification","valueRequired":true,"valueName":"search_term_string"}}],"inLanguage":"ca-CA"},{"@type":"Organization","@id":"https:\/\/cienciagandia.webs.upv.es\/#organization","name":"Campus de Gandia de la Universitat Polit\u00e8cnica de Val\u00e8ncia UPV","alternateName":"Campus de Gandia UPV","url":"https:\/\/cienciagandia.webs.upv.es\/","logo":{"@type":"ImageObject","inLanguage":"ca-CA","@id":"https:\/\/cienciagandia.webs.upv.es\/#\/schema\/logo\/image\/","url":"https:\/\/cienciagandia.webs.upv.es\/wp-content\/uploads\/2023\/10\/UPV-Gandia.jpg","contentUrl":"https:\/\/cienciagandia.webs.upv.es\/wp-content\/uploads\/2023\/10\/UPV-Gandia.jpg","width":770,"height":366,"caption":"Campus de Gandia de la Universitat Polit\u00e8cnica de Val\u00e8ncia UPV"},"image":{"@id":"https:\/\/cienciagandia.webs.upv.es\/#\/schema\/logo\/image\/"},"sameAs":["https:\/\/www.facebook.com\/UPVCampusGandia","https:\/\/x.com\/UPVCampusGandia","https:\/\/www.instagram.com\/upvcampusgandia\/","https:\/\/www.linkedin.com\/company\/upvcampusgandia\/"]}]}},"_links":{"self":[{"href":"https:\/\/cienciagandia.webs.upv.es\/ca\/wp-json\/wp\/v2\/pages\/1723","targetHints":{"allow":["GET"]}}],"collection":[{"href":"https:\/\/cienciagandia.webs.upv.es\/ca\/wp-json\/wp\/v2\/pages"}],"about":[{"href":"https:\/\/cienciagandia.webs.upv.es\/ca\/wp-json\/wp\/v2\/types\/page"}],"author":[{"embeddable":true,"href":"https:\/\/cienciagandia.webs.upv.es\/ca\/wp-json\/wp\/v2\/users\/15"}],"replies":[{"embeddable":true,"href":"https:\/\/cienciagandia.webs.upv.es\/ca\/wp-json\/wp\/v2\/comments?post=1723"}],"version-history":[{"count":19,"href":"https:\/\/cienciagandia.webs.upv.es\/ca\/wp-json\/wp\/v2\/pages\/1723\/revisions"}],"predecessor-version":[{"id":24745,"href":"https:\/\/cienciagandia.webs.upv.es\/ca\/wp-json\/wp\/v2\/pages\/1723\/revisions\/24745"}],"wp:featuredmedia":[{"embeddable":true,"href":"https:\/\/cienciagandia.webs.upv.es\/ca\/wp-json\/wp\/v2\/media\/659"}],"wp:attachment":[{"href":"https:\/\/cienciagandia.webs.upv.es\/ca\/wp-json\/wp\/v2\/media?parent=1723"}],"curies":[{"name":"wp","href":"https:\/\/api.w.org\/{rel}","templated":true}]}}